{"id":100,"date":"2025-06-30T14:19:18","date_gmt":"2025-06-30T14:19:18","guid":{"rendered":"http:\/\/traumainformed-care.org\/?page_id=100"},"modified":"2026-04-17T14:58:37","modified_gmt":"2026-04-17T14:58:37","slug":"preise","status":"publish","type":"page","link":"https:\/\/traumainformed-care.org\/en\/preise\/","title":{"rendered":"Prices"},"content":{"rendered":"<div data-elementor-type=\"wp-page\" data-elementor-id=\"100\" class=\"elementor elementor-100\">\n\t\t\t\t<div class=\"elementor-element elementor-element-adb11c2 e-grid e-con-boxed e-con e-parent\" data-id=\"adb11c2\" data-element_type=\"container\">\n\t\t\t\t\t<div class=\"e-con-inner\">\n\t\t\t\t<div class=\"elementor-element elementor-element-2e53832 elementor-widget elementor-widget-wpzoom-elementor-addons-image-box\" data-id=\"2e53832\" data-element_type=\"widget\" data-widget_type=\"wpzoom-elementor-addons-image-box.default\">\n\t\t\t\t<div class=\"elementor-widget-container\">\n\t\t\t\t\t\t\t<div class=\"wpzoom-elementor-addons-image-box\">\n\t\t\t<h3>\n\t\t\t\t<span class=\"wpzoom-elementor-addons-image-box-link not-linked has-image\" style=\"background-image:url('https:\/\/traumainformed-care.org\/wp-content\/uploads\/2025\/07\/WhatsApp-Image-2025-07-04-at-12.39.12-1.jpeg');\"><span><\/span><\/span>\t\t\t<\/h3>\n\t\t<\/div><!-- \/\/.wpzoom-elementor-addons-image-box -->\n\t\t\t\t\t\t<\/div>\n\t\t\t\t<\/div>\n\t\t\t\t<div class=\"elementor-element elementor-element-d9e6bdd elementor-widget elementor-widget-text-editor\" data-id=\"d9e6bdd\" data-element_type=\"widget\" data-widget_type=\"text-editor.default\">\n\t\t\t\t<div class=\"elementor-widget-container\">\n\t\t\t\t\t\t\t\t\t<p class=\"translation-block\"><span style=\"color: #000000\">I am happy to offer the initial consultation free of charge. Afterwards, each 60-minute session is priced at \u20ac95 (about $110). <\/span><\/p><p><span style=\"color: #000000;\">\u00a0<\/span><\/p><p><span style=\"color: #000000;\"><span style=\"color: #000000\">Since I am not a licensed therapist, my services are not covered by any insurance and therefore only available for self-paying clients. <\/span><\/span><\/p>\t\t\t\t\t\t\t\t<\/div>\n\t\t\t\t<\/div>\n\t\t\t\t<div class=\"elementor-element elementor-element-274f6e7 elementor-widget elementor-widget-wpzoom-elementor-addons-image-box\" data-id=\"274f6e7\" data-element_type=\"widget\" data-widget_type=\"wpzoom-elementor-addons-image-box.default\">\n\t\t\t\t<div class=\"elementor-widget-container\">\n\t\t\t\t\t\t\t<div class=\"wpzoom-elementor-addons-image-box\">\n\t\t\t<h3>\n\t\t\t\t<span class=\"wpzoom-elementor-addons-image-box-link not-linked has-image\" style=\"background-image:url('https:\/\/traumainformed-care.org\/wp-content\/uploads\/2025\/07\/WhatsApp-Image-2025-07-04-at-12.39.12-1.jpeg');\"><span><\/span><\/span>\t\t\t<\/h3>\n\t\t<\/div><!-- \/\/.wpzoom-elementor-addons-image-box -->\n\t\t\t\t\t\t<\/div>\n\t\t\t\t<\/div>\n\t\t\t\t<div class=\"elementor-element elementor-element-d34ce94 elementor-widget elementor-widget-spacer\" data-id=\"d34ce94\" data-element_type=\"widget\" data-widget_type=\"spacer.default\">\n\t\t\t\t<div class=\"elementor-widget-container\">\n\t\t\t\t\t\t\t<div class=\"elementor-spacer\">\n\t\t\t<div class=\"elementor-spacer-inner\"><\/div>\n\t\t<\/div>\n\t\t\t\t\t\t<\/div>\n\t\t\t\t<\/div>\n\t\t\t\t\t<\/div>\n\t\t\t\t<\/div>\n\t\t<div class=\"elementor-element elementor-element-e886252 e-flex e-con-boxed e-con e-parent\" data-id=\"e886252\" data-element_type=\"container\">\n\t\t\t\t\t<div class=\"e-con-inner\">\n\t\t\t\t<div class=\"elementor-element elementor-element-8fe93cc elementor-widget-divider--view-line elementor-widget elementor-widget-divider\" data-id=\"8fe93cc\" data-element_type=\"widget\" data-widget_type=\"divider.default\">\n\t\t\t\t<div class=\"elementor-widget-container\">\n\t\t\t\t\t\t\t<div class=\"elementor-divider\">\n\t\t\t<span class=\"elementor-divider-separator\">\n\t\t\t\t\t\t<\/span>\n\t\t<\/div>\n\t\t\t\t\t\t<\/div>\n\t\t\t\t<\/div>\n\t\t\t\t\t<\/div>\n\t\t\t\t<\/div>\n\t\t<div class=\"elementor-element elementor-element-96c07b8 e-flex e-con-boxed e-con e-parent\" data-id=\"96c07b8\" data-element_type=\"container\">\n\t\t\t\t\t<div class=\"e-con-inner\">\n\t\t\t\t<div class=\"elementor-element elementor-element-c602819 elementor-widget elementor-widget-spacer\" data-id=\"c602819\" data-element_type=\"widget\" data-widget_type=\"spacer.default\">\n\t\t\t\t<div class=\"elementor-widget-container\">\n\t\t\t\t\t\t\t<div class=\"elementor-spacer\">\n\t\t\t<div class=\"elementor-spacer-inner\"><\/div>\n\t\t<\/div>\n\t\t\t\t\t\t<\/div>\n\t\t\t\t<\/div>\n\t\t\t\t\t<\/div>\n\t\t\t\t<\/div>\n\t\t<div class=\"elementor-element elementor-element-ebfb8c6 e-flex e-con-boxed e-con e-parent\" data-id=\"ebfb8c6\" data-element_type=\"container\">\n\t\t\t\t\t<div class=\"e-con-inner\">\n\t\t\t\t<div class=\"elementor-element elementor-element-f278efa elementor-align-center elementor-widget elementor-widget-button\" data-id=\"f278efa\" data-element_type=\"widget\" data-widget_type=\"button.default\">\n\t\t\t\t<div class=\"elementor-widget-container\">\n\t\t\t\t\t\t\t\t\t<div class=\"elementor-button-wrapper\">\n\t\t\t\t\t<a class=\"elementor-button elementor-button-link elementor-size-sm elementor-animation-pulse\" href=\"https:\/\/traumainformed-care.org\/en\/\">\n\t\t\t\t\t\t<span class=\"elementor-button-content-wrapper\">\n\t\t\t\t\t\t\t\t\t<span class=\"elementor-button-text\">BACK TO HOMEPAGE<\/span>\n\t\t\t\t\t<\/span>\n\t\t\t\t\t<\/a>\n\t\t\t\t<\/div>\n\t\t\t\t\t\t\t\t<\/div>\n\t\t\t\t<\/div>\n\t\t\t\t\t<\/div>\n\t\t\t\t<\/div>\n\t\t<div class=\"elementor-element elementor-element-b8d8488 e-flex e-con-boxed e-con e-parent\" data-id=\"b8d8488\" data-element_type=\"container\">\n\t\t\t\t\t<div class=\"e-con-inner\">\n\t\t\t\t<div class=\"elementor-element elementor-element-434449b elementor-widget elementor-widget-spacer\" data-id=\"434449b\" data-element_type=\"widget\" data-widget_type=\"spacer.default\">\n\t\t\t\t<div class=\"elementor-widget-container\">\n\t\t\t\t\t\t\t<div class=\"elementor-spacer\">\n\t\t\t<div class=\"elementor-spacer-inner\"><\/div>\n\t\t<\/div>\n\t\t\t\t\t\t<\/div>\n\t\t\t\t<\/div>\n\t\t\t\t\t<\/div>\n\t\t\t\t<\/div>\n\t\t\t\t<\/div>","protected":false},"excerpt":{"rendered":"<p>Das Kennlerngespr\u00e4ch biete ich gerne kostenlos an, danach erhebe ich f\u00fcr eine Sitzung (60 Minuten) ein Honorar von 95 \u20ac.\u00a0 \u00a0 Mein Angebot wird von keinen Krankenkassen \u00fcbernommen (weil ich keine approbierte Therapeutin bin) und richtet sich daher ausschlie\u00dflich an Selbstzahler. ZUR\u00dcCK ZUR STARTSEITE<\/p>","protected":false},"author":1,"featured_media":0,"parent":0,"menu_order":0,"comment_status":"closed","ping_status":"closed","template":"","meta":{"footnotes":""},"class_list":["post-100","page","type-page","status-publish","hentry"],"yoast_head":"<!-- This site is optimized with the Yoast SEO plugin v27.3 - https:\/\/yoast.com\/product\/yoast-seo-wordpress\/ -->\n<title>Preise - Traumasensible Begleitung<\/title>\n<meta name=\"robots\" content=\"index, follow, max-snippet:-1, max-image-preview:large, max-video-preview:-1\" \/>\n<link rel=\"canonical\" href=\"https:\/\/traumainformed-care.org\/en\/preise\/\" \/>\n<meta property=\"og:locale\" content=\"en_US\" \/>\n<meta property=\"og:type\" content=\"article\" \/>\n<meta property=\"og:title\" content=\"Preise - Traumasensible Begleitung\" \/>\n<meta property=\"og:description\" content=\"Das Kennlerngespr\u00e4ch biete ich gerne kostenlos an, danach erhebe ich f\u00fcr eine Sitzung (60 Minuten) ein Honorar von 95 \u20ac.\u00a0 \u00a0 Mein Angebot wird von keinen Krankenkassen \u00fcbernommen (weil ich keine approbierte Therapeutin bin) und richtet sich daher ausschlie\u00dflich an Selbstzahler. ZUR\u00dcCK ZUR STARTSEITE\" \/>\n<meta property=\"og:url\" content=\"https:\/\/traumainformed-care.org\/en\/preise\/\" \/>\n<meta property=\"og:site_name\" content=\"Traumasensible Begleitung\" \/>\n<meta property=\"article:modified_time\" content=\"2026-04-17T14:58:37+00:00\" \/>\n<meta name=\"twitter:card\" content=\"summary_large_image\" \/>\n<meta name=\"twitter:label1\" content=\"Est. reading time\" \/>\n\t<meta name=\"twitter:data1\" content=\"1 minute\" \/>\n<script type=\"application\/ld+json\" class=\"yoast-schema-graph\">{\"@context\":\"https:\\\/\\\/schema.org\",\"@graph\":[{\"@type\":\"WebPage\",\"@id\":\"https:\\\/\\\/traumainformed-care.org\\\/preise\\\/\",\"url\":\"https:\\\/\\\/traumainformed-care.org\\\/preise\\\/\",\"name\":\"Preise - Traumasensible Begleitung\",\"isPartOf\":{\"@id\":\"https:\\\/\\\/traumainformed-care.org\\\/#website\"},\"datePublished\":\"2025-06-30T14:19:18+00:00\",\"dateModified\":\"2026-04-17T14:58:37+00:00\",\"breadcrumb\":{\"@id\":\"https:\\\/\\\/traumainformed-care.org\\\/preise\\\/#breadcrumb\"},\"inLanguage\":\"en-US\",\"potentialAction\":[{\"@type\":\"ReadAction\",\"target\":[\"https:\\\/\\\/traumainformed-care.org\\\/preise\\\/\"]}]},{\"@type\":\"BreadcrumbList\",\"@id\":\"https:\\\/\\\/traumainformed-care.org\\\/preise\\\/#breadcrumb\",\"itemListElement\":[{\"@type\":\"ListItem\",\"position\":1,\"name\":\"Start\",\"item\":\"https:\\\/\\\/traumainformed-care.org\\\/\"},{\"@type\":\"ListItem\",\"position\":2,\"name\":\"Preise\"}]},{\"@type\":\"WebSite\",\"@id\":\"https:\\\/\\\/traumainformed-care.org\\\/#website\",\"url\":\"https:\\\/\\\/traumainformed-care.org\\\/\",\"name\":\"Traumasensible Begleitung\",\"description\":\"wissenschaftlich fundiert, ressourcenorientiert &amp; k\u00f6rperbasiert\",\"publisher\":{\"@id\":\"https:\\\/\\\/traumainformed-care.org\\\/#\\\/schema\\\/person\\\/b33f6381277cdfc63a59fc015770f04e\"},\"potentialAction\":[{\"@type\":\"SearchAction\",\"target\":{\"@type\":\"EntryPoint\",\"urlTemplate\":\"https:\\\/\\\/traumainformed-care.org\\\/?s={search_term_string}\"},\"query-input\":{\"@type\":\"PropertyValueSpecification\",\"valueRequired\":true,\"valueName\":\"search_term_string\"}}],\"inLanguage\":\"en-US\"},{\"@type\":[\"Person\",\"Organization\"],\"@id\":\"https:\\\/\\\/traumainformed-care.org\\\/#\\\/schema\\\/person\\\/b33f6381277cdfc63a59fc015770f04e\",\"name\":\"admin\",\"image\":{\"@type\":\"ImageObject\",\"inLanguage\":\"en-US\",\"@id\":\"https:\\\/\\\/traumainformed-care.org\\\/wp-content\\\/uploads\\\/2025\\\/07\\\/htbg-e1776081865686.jpg\",\"url\":\"https:\\\/\\\/traumainformed-care.org\\\/wp-content\\\/uploads\\\/2025\\\/07\\\/htbg-e1776081865686.jpg\",\"contentUrl\":\"https:\\\/\\\/traumainformed-care.org\\\/wp-content\\\/uploads\\\/2025\\\/07\\\/htbg-e1776081865686.jpg\",\"width\":476,\"height\":482,\"caption\":\"admin\"},\"logo\":{\"@id\":\"https:\\\/\\\/traumainformed-care.org\\\/wp-content\\\/uploads\\\/2025\\\/07\\\/htbg-e1776081865686.jpg\"},\"sameAs\":[\"http:\\\/\\\/traumainformed-care.org\",\"https:\\\/\\\/www.instagram.com\\\/traumainformedcare_jsm\"]}]}<\/script>\n<!-- \/ Yoast SEO plugin. -->","yoast_head_json":{"title":"Preise - Traumasensible Begleitung","robots":{"index":"index","follow":"follow","max-snippet":"max-snippet:-1","max-image-preview":"max-image-preview:large","max-video-preview":"max-video-preview:-1"},"canonical":"https:\/\/traumainformed-care.org\/en\/preise\/","og_locale":"en_US","og_type":"article","og_title":"Preise - Traumasensible Begleitung","og_description":"Das Kennlerngespr\u00e4ch biete ich gerne kostenlos an, danach erhebe ich f\u00fcr eine Sitzung (60 Minuten) ein Honorar von 95 \u20ac.\u00a0 \u00a0 Mein Angebot wird von keinen Krankenkassen \u00fcbernommen (weil ich keine approbierte Therapeutin bin) und richtet sich daher ausschlie\u00dflich an Selbstzahler. ZUR\u00dcCK ZUR STARTSEITE","og_url":"https:\/\/traumainformed-care.org\/en\/preise\/","og_site_name":"Traumasensible Begleitung","article_modified_time":"2026-04-17T14:58:37+00:00","twitter_card":"summary_large_image","twitter_misc":{"Est. reading time":"1 minute"},"schema":{"@context":"https:\/\/schema.org","@graph":[{"@type":"WebPage","@id":"https:\/\/traumainformed-care.org\/preise\/","url":"https:\/\/traumainformed-care.org\/preise\/","name":"Preise - Traumasensible Begleitung","isPartOf":{"@id":"https:\/\/traumainformed-care.org\/#website"},"datePublished":"2025-06-30T14:19:18+00:00","dateModified":"2026-04-17T14:58:37+00:00","breadcrumb":{"@id":"https:\/\/traumainformed-care.org\/preise\/#breadcrumb"},"inLanguage":"en-US","potentialAction":[{"@type":"ReadAction","target":["https:\/\/traumainformed-care.org\/preise\/"]}]},{"@type":"BreadcrumbList","@id":"https:\/\/traumainformed-care.org\/preise\/#breadcrumb","itemListElement":[{"@type":"ListItem","position":1,"name":"Start","item":"https:\/\/traumainformed-care.org\/"},{"@type":"ListItem","position":2,"name":"Preise"}]},{"@type":"WebSite","@id":"https:\/\/traumainformed-care.org\/#website","url":"https:\/\/traumainformed-care.org\/","name":"Traumasensible Begleitung","description":"wissenschaftlich fundiert, ressourcenorientiert &amp; k\u00f6rperbasiert","publisher":{"@id":"https:\/\/traumainformed-care.org\/#\/schema\/person\/b33f6381277cdfc63a59fc015770f04e"},"potentialAction":[{"@type":"SearchAction","target":{"@type":"EntryPoint","urlTemplate":"https:\/\/traumainformed-care.org\/?s={search_term_string}"},"query-input":{"@type":"PropertyValueSpecification","valueRequired":true,"valueName":"search_term_string"}}],"inLanguage":"en-US"},{"@type":["Person","Organization"],"@id":"https:\/\/traumainformed-care.org\/#\/schema\/person\/b33f6381277cdfc63a59fc015770f04e","name":"admin","image":{"@type":"ImageObject","inLanguage":"en-US","@id":"https:\/\/traumainformed-care.org\/wp-content\/uploads\/2025\/07\/htbg-e1776081865686.jpg","url":"https:\/\/traumainformed-care.org\/wp-content\/uploads\/2025\/07\/htbg-e1776081865686.jpg","contentUrl":"https:\/\/traumainformed-care.org\/wp-content\/uploads\/2025\/07\/htbg-e1776081865686.jpg","width":476,"height":482,"caption":"admin"},"logo":{"@id":"https:\/\/traumainformed-care.org\/wp-content\/uploads\/2025\/07\/htbg-e1776081865686.jpg"},"sameAs":["http:\/\/traumainformed-care.org","https:\/\/www.instagram.com\/traumainformedcare_jsm"]}]}},"_links":{"self":[{"href":"https:\/\/traumainformed-care.org\/en\/wp-json\/wp\/v2\/pages\/100","targetHints":{"allow":["GET"]}}],"collection":[{"href":"https:\/\/traumainformed-care.org\/en\/wp-json\/wp\/v2\/pages"}],"about":[{"href":"https:\/\/traumainformed-care.org\/en\/wp-json\/wp\/v2\/types\/page"}],"author":[{"embeddable":true,"href":"https:\/\/traumainformed-care.org\/en\/wp-json\/wp\/v2\/users\/1"}],"replies":[{"embeddable":true,"href":"https:\/\/traumainformed-care.org\/en\/wp-json\/wp\/v2\/comments?post=100"}],"version-history":[{"count":73,"href":"https:\/\/traumainformed-care.org\/en\/wp-json\/wp\/v2\/pages\/100\/revisions"}],"predecessor-version":[{"id":1354,"href":"https:\/\/traumainformed-care.org\/en\/wp-json\/wp\/v2\/pages\/100\/revisions\/1354"}],"wp:attachment":[{"href":"https:\/\/traumainformed-care.org\/en\/wp-json\/wp\/v2\/media?parent=100"}],"curies":[{"name":"wp","href":"https:\/\/api.w.org\/{rel}","templated":true}]}}